{"id":155,"date":"2016-03-14T09:36:15","date_gmt":"2016-03-14T08:36:15","guid":{"rendered":"http:\/\/imghantensawt.lu\/index.php\/panier\/"},"modified":"2016-03-22T13:32:07","modified_gmt":"2016-03-22T12:32:07","slug":"panier","status":"publish","type":"page","link":"https:\/\/imghantensawt.lu\/index.php\/panier\/","title":{"rendered":"Panier"},"content":{"rendered":"<p>Livraisons uniquement en Europe, Canada et Etats Unis. Au del\u00e0\u00a04 exemplaires \u00e0 exp\u00e9dier \u00e0 la m\u00eame adresse en une fois <a class=\"fasc-button fasc-size-medium fasc-type-flat\" style=\"background-color: #33809e; color: #ffffff;\" href=\"\\\" data-fasc-style=\"background-color:#33809e;color:#ffffff;\">contactez-nous<\/a><\/p>\n\n","protected":false},"excerpt":{"rendered":"<p>Livraisons uniquement en Europe, Canada et Etats Unis. Au del\u00e0\u00a04 exemplaires \u00e0 exp\u00e9dier \u00e0 la m\u00eame adresse en une fois contactez-nous<\/p>\n","protected":false},"author":1,"featured_media":0,"parent":0,"menu_order":0,"comment_status":"closed","ping_status":"closed","template":"","meta":{"_kad_post_transparent":"","_kad_post_title":"","_kad_post_layout":"","_kad_post_sidebar_id":"","_kad_post_content_style":"","_kad_post_vertical_padding":"","_kad_post_feature":"","_kad_post_feature_position":"","_kad_post_header":false,"_kad_post_footer":false,"footnotes":""},"class_list":["post-155","page","type-page","status-publish","hentry"],"_links":{"self":[{"href":"https:\/\/imghantensawt.lu\/index.php\/wp-json\/wp\/v2\/pages\/155","targetHints":{"allow":["GET"]}}],"collection":[{"href":"https:\/\/imghantensawt.lu\/index.php\/wp-json\/wp\/v2\/pages"}],"about":[{"href":"https:\/\/imghantensawt.lu\/index.php\/wp-json\/wp\/v2\/types\/page"}],"author":[{"embeddable":true,"href":"https:\/\/imghantensawt.lu\/index.php\/wp-json\/wp\/v2\/users\/1"}],"replies":[{"embeddable":true,"href":"https:\/\/imghantensawt.lu\/index.php\/wp-json\/wp\/v2\/comments?post=155"}],"version-history":[{"count":4,"href":"https:\/\/imghantensawt.lu\/index.php\/wp-json\/wp\/v2\/pages\/155\/revisions"}],"predecessor-version":[{"id":420,"href":"https:\/\/imghantensawt.lu\/index.php\/wp-json\/wp\/v2\/pages\/155\/revisions\/420"}],"wp:attachment":[{"href":"https:\/\/imghantensawt.lu\/index.php\/wp-json\/wp\/v2\/media?parent=155"}],"curies":[{"name":"wp","href":"https:\/\/api.w.org\/{rel}","templated":true}]}}