{"id":158,"date":"2016-03-14T09:40:27","date_gmt":"2016-03-14T08:40:27","guid":{"rendered":"http:\/\/imghantensawt.lu\/?post_type=product&#038;p=158"},"modified":"2026-02-24T04:20:08","modified_gmt":"2026-02-24T03:20:08","slug":"livre","status":"publish","type":"product","link":"https:\/\/imghantensawt.lu\/index.php\/produit\/livre\/","title":{"rendered":"Imghan n Tensawt"},"content":{"rendered":"<p><!--more--><\/p>\n","protected":false},"excerpt":{"rendered":"<h5>&nbsp;<\/h5>\n<h5>Profitez de la promotion du moment: 10 euros&nbsp; !<\/h5>\n<h5><strong>Livraisons limit\u00e9es \u00e0 l&rsquo;Europe, Canada et USA.<br \/>\nAu del\u00e0&nbsp;4 exemplaires \u00e0 exp\u00e9dier \u00e0 la m\u00eame adresse en une fois<br \/>\n<\/strong><strong>&nbsp;&nbsp;<\/strong><strong><a class=\"fasc-button fasc-size-medium fasc-type-flat\" style=\"background-color: #33809e; color: #ffffff;\" href=\"http:\/\/imghantensawt.lu\/index.php\/contact\">Contactez-nous!<\/a> <\/strong><\/h5>\n<h5><strong>Nous optimiserons les frais de livraison.<br \/>\n<\/strong><\/h5>\n<h5><strong>Merci !<\/strong><\/h5>\n<p>&nbsp;<\/p>\n<h5>&nbsp;<\/h5>\n","protected":false},"featured_media":573,"comment_status":"open","ping_status":"closed","template":"","meta":{"_kad_post_transparent":"default","_kad_post_title":"","_kad_post_layout":"default","_kad_post_sidebar_id":"","_kad_post_content_style":"default","_kad_post_vertical_padding":"default","_kad_post_feature":"","_kad_post_feature_position":"","_kad_post_header":false,"_kad_post_footer":false},"product_cat":[24],"product_tag":[],"class_list":["post-158","product","type-product","status-publish","has-post-thumbnail","hentry","product_cat-livre","entry","content-bg","loop-entry"],"_links":{"self":[{"href":"https:\/\/imghantensawt.lu\/index.php\/wp-json\/wp\/v3\/product\/158","targetHints":{"allow":["GET"]}}],"collection":[{"href":"https:\/\/imghantensawt.lu\/index.php\/wp-json\/wp\/v3\/product"}],"about":[{"href":"https:\/\/imghantensawt.lu\/index.php\/wp-json\/wp\/v2\/types\/product"}],"replies":[{"embeddable":true,"href":"https:\/\/imghantensawt.lu\/index.php\/wp-json\/wp\/v2\/comments?post=158"}],"wp:featuredmedia":[{"embeddable":true,"href":"https:\/\/imghantensawt.lu\/index.php\/wp-json\/wp\/v2\/media\/573"}],"wp:attachment":[{"href":"https:\/\/imghantensawt.lu\/index.php\/wp-json\/wp\/v2\/media?parent=158"}],"wp:term":[{"taxonomy":"product_cat","embeddable":true,"href":"https:\/\/imghantensawt.lu\/index.php\/wp-json\/wp\/v2\/product_cat?post=158"},{"taxonomy":"product_tag","embeddable":true,"href":"https:\/\/imghantensawt.lu\/index.php\/wp-json\/wp\/v2\/product_tag?post=158"}],"curies":[{"name":"wp","href":"https:\/\/api.w.org\/{rel}","templated":true}]}}